{"id":4199,"date":"2021-10-31T19:14:55","date_gmt":"2021-10-31T22:14:55","guid":{"rendered":"http:\/\/floresdoaterrodoflamengo.com.br\/?page_id=4199"},"modified":"2021-11-02T22:54:50","modified_gmt":"2021-11-03T01:54:50","slug":"calendario-floral-2","status":"publish","type":"page","link":"https:\/\/floresdoaterrodoflamengo.com.br\/?page_id=4199","title":{"rendered":"Flores no Calend\u00e1rio"},"content":{"rendered":"\t\t<div data-elementor-type=\"wp-page\" data-elementor-id=\"4199\" class=\"elementor elementor-4199\">\n\t\t\t\t\t\t<section class=\"elementor-section elementor-top-section elementor-element elementor-element-b1f9033 elementor-section-boxed elementor-section-height-default elementor-section-height-default\" data-id=\"b1f9033\" data-element_type=\"section\" data-e-type=\"section\">\n\t\t\t\t\t\t<div class=\"elementor-container elementor-column-gap-default\">\n\t\t\t\t\t<div class=\"elementor-column elementor-col-100 elementor-top-column elementor-element elementor-element-1c5e1e3\" data-id=\"1c5e1e3\" data-element_type=\"column\" data-e-type=\"column\">\n\t\t\t<div class=\"elementor-widget-wrap elementor-element-populated\">\n\t\t\t\t\t\t<div class=\"elementor-element elementor-element-01d9aa5 elementor-widget elementor-widget-text-editor\" data-id=\"01d9aa5\" data-element_type=\"widget\" data-e-type=\"widget\" data-widget_type=\"text-editor.default\">\n\t\t\t\t<div class=\"elementor-widget-container\">\n\t\t\t\t\t\t\t\t\t<p>Este &#8220;saite&#8221; tem dois objetivos\u00a0<\/p><p>O primeiro \u00e9 estimular que olhemos com mais aten\u00e7\u00e3o para nossa exuberante natureza, em especial para nossas flores. Essa natureza costuma nos passar muitas vezes despercebida, em parte porque os leigos, como eu, a conhecem t\u00e3o pouco.<\/p><p>O segundo, \u00e9 contribuir para romper a vis\u00e3o deformada de nossa natureza idealizada, resultado de uma &#8220;nostalgia de colonizado&#8221; relativa ao cen\u00e1rio natural europeu que acreditamos nosso, mas que definitivamente n\u00e3o nos pertence. Coloquei recentemente no Google a pesquisa sobre \u201cquatro esta\u00e7\u00f5es do ano\u201d (imagens) e o resultado foi uma s\u00e9rie de representa\u00e7\u00f5es como as mostradas a seguir.<\/p><p><img fetchpriority=\"high\" decoding=\"async\" class=\"alignnone size-full wp-image-4274\" src=\"http:\/\/floresdoaterrodoflamengo.com.br\/wp-content\/uploads\/2021\/10\/estacoes.png\" alt=\"\" width=\"971\" height=\"536\" srcset=\"https:\/\/floresdoaterrodoflamengo.com.br\/wp-content\/uploads\/2021\/10\/estacoes.png 971w, https:\/\/floresdoaterrodoflamengo.com.br\/wp-content\/uploads\/2021\/10\/estacoes-300x166.png 300w, https:\/\/floresdoaterrodoflamengo.com.br\/wp-content\/uploads\/2021\/10\/estacoes-768x424.png 768w, https:\/\/floresdoaterrodoflamengo.com.br\/wp-content\/uploads\/2021\/10\/estacoes-600x330.png 600w\" sizes=\"(max-width: 971px) 100vw, 971px\" \/><\/p><p style=\"text-align: center;\">Extrato da consulta ao Google sobre esta\u00e7\u00f5es do ano<\/p><p>Nelas o inverno se caracteriza por uma paisagem nevada,\u00a0 o outono por folhas caindo, o ver\u00e3o pelo sol e praias e a primavera pelas flores. Tudo bem, para o sol e as flores, mas \u00e9 s\u00f3 nestas esta\u00e7\u00f5es que, no Brasil, temos sol e flores?<\/p><p>O mais tr\u00e1gico \u00e9 que a maioria das figuras mostradas\u00a0 pelo Google\u00a0 s\u00e3o destinadas a ensinar nossas crian\u00e7as como s\u00e3o as esta\u00e7\u00f5es. A li\u00e7\u00e3o que elas acabam aprendendo no processo escolar \u00e9 que se quiserem uma boa nota devem esquecer a realidade da natureza que as circunda e responder que a paisagem nevada e as \u00e1rvores peladas correspondem ao inverno e que a esta\u00e7\u00e3o das folhas ca\u00eddas \u00e9 o outono. Na cole\u00e7\u00e3o de imagens mostradas no Google, estava a de uma prova escolar na qual o aluno deveria identificar cada esta\u00e7\u00e3o com as figuras do estere\u00f3tipo europeu.<\/p><p>Entre as fotos que tirei para documentar a evolu\u00e7\u00e3o de nossa flora, est\u00e1 a do Urucu, cujas folhas caem em outubro, em plena primavera. Pode-se ver as folhas amarelas, prontas para cair e as marrons no ch\u00e3o, convivendo com as verdes que ir\u00e3o cair na pr\u00f3xima primavera.<\/p><p><img decoding=\"async\" class=\"size-full wp-image-4347 aligncenter\" src=\"http:\/\/floresdoaterrodoflamengo.com.br\/wp-content\/uploads\/2021\/10\/IMG_3954.jpg\" alt=\"\" width=\"736\" height=\"981\" srcset=\"https:\/\/floresdoaterrodoflamengo.com.br\/wp-content\/uploads\/2021\/10\/IMG_3954.jpg 736w, https:\/\/floresdoaterrodoflamengo.com.br\/wp-content\/uploads\/2021\/10\/IMG_3954-225x300.jpg 225w\" sizes=\"(max-width: 736px) 100vw, 736px\" \/><\/p><p style=\"text-align: center;\">Urucuzeiro cujas folhas amarelecidas caem, em outubro, na primavera de Bras\u00edlia.<\/p><p>Nossas crian\u00e7as, no ambiente que vivem, n\u00e3o encontram os cen\u00e1rios e as caracter\u00edsticas das esta\u00e7\u00f5es que v\u00eam nos livros. Para aumentar a confus\u00e3o, a publicidade onipresente as faz sonhar com natais com muita neve e um Papai Noel agasalhado, trazendo presentes em um tren\u00f3 puxado por renas.<\/p><p>A ideia de um Calend\u00e1rio Floral, idealmente para cada bioma brasileiro, pode ajudar a nos colocar em maior contato com uma natureza brasileira muito rica, que n\u00e3o precisa nem deve conflitar a repassada pela propaganda e at\u00e9 por livros escolares alienados.<\/p><p>Como ensaio, estamos nos propondo a falar inicialmente do Aterro do Flamengo (Litoral Sudeste) e de Bras\u00edlia (Cerrado) que me s\u00e3o mais pr\u00f3ximos e nos colocamos \u00e0 disposi\u00e7\u00e3o de nossos eventuais colaboradores para difundir o calend\u00e1rio da flora de outros ambientes.<\/p><p>Ao completarmos um s\u00e9culo do Semana de Arte Moderna de 1922, que resultou no Manifesto Antropof\u00e1gico de 1928, est\u00e1 mais do que na hora de nos reconciliarmos com a paisagem e, mais ainda, com a gente brasileira.\u00a0<\/p><p>O Manifesto, foi publicado no n\u00ba 1 da &#8220;Revista de Antropofagia&#8221;. Segundo o \u00fanico signat\u00e1rio\u00a0 do manifesto, Oswald Andrade, o objetivo do movimento era \u201c<strong><em>deglutir<\/em><\/strong> o legado cultural europeu e <strong><em>digeri-lo<\/em><\/strong> sob a forma de uma arte tipicamente brasileira\u201d.<\/p><p>Convido a nossos leitores a participar de nosso \u201csaite\u201d, nos enviando fotos e pequenos v\u00eddeos, com a indica\u00e7\u00e3o de data e localiza\u00e7\u00e3o. Pedimos tamb\u00e9m que contribuam para identificar e corrigir o material exposto.<\/p><p>Para isto, al\u00e9m dos espa\u00e7os para coment\u00e1rios no canal do Youtube <strong>&#8220;Calend\u00e1rio Floral&#8221;<\/strong>, e em nossa p\u00e1gina <a href=\"http:\/\/calendariofloral.com\">http:\/\/calendariofloral.com<\/a>, oferecemos ainda o e-mail <a href=\"mailto:calendariofloral@gmail.com\">calendariofloral@gmail.com<\/a>,<\/p><p style=\"text-align: right;\">um abra\u00e7o de Carlos Feu ,<\/p>\t\t\t\t\t\t\t\t<\/div>\n\t\t\t\t<\/div>\n\t\t\t\t\t<\/div>\n\t\t<\/div>\n\t\t\t\t\t<\/div>\n\t\t<\/section>\n\t\t\t\t<section class=\"elementor-section elementor-top-section elementor-element elementor-element-c6efb70 elementor-section-boxed elementor-section-height-default elementor-section-height-default\" data-id=\"c6efb70\" data-element_type=\"section\" data-e-type=\"section\">\n\t\t\t\t\t\t<div class=\"elementor-container elementor-column-gap-default\">\n\t\t\t\t\t<div class=\"elementor-column elementor-col-100 elementor-top-column elementor-element elementor-element-5e774f4\" data-id=\"5e774f4\" data-element_type=\"column\" data-e-type=\"column\">\n\t\t\t<div class=\"elementor-widget-wrap elementor-element-populated\">\n\t\t\t\t\t\t<div class=\"elementor-element elementor-element-28d5516 elementor-widget elementor-widget-text-editor\" data-id=\"28d5516\" data-element_type=\"widget\" data-e-type=\"widget\" data-widget_type=\"text-editor.default\">\n\t\t\t\t<div class=\"elementor-widget-container\">\n\t\t\t\t\t\t\t\t\t<h4>Calend\u00e1rio Floral: Outubro<\/h4>\t\t\t\t\t\t\t\t<\/div>\n\t\t\t\t<\/div>\n\t\t\t\t\t<\/div>\n\t\t<\/div>\n\t\t\t\t\t<\/div>\n\t\t<\/section>\n\t\t\t\t<section class=\"elementor-section elementor-top-section elementor-element elementor-element-1f588f6 elementor-section-boxed elementor-section-height-default elementor-section-height-default\" data-id=\"1f588f6\" data-element_type=\"section\" data-e-type=\"section\">\n\t\t\t\t\t\t<div class=\"elementor-container elementor-column-gap-default\">\n\t\t\t\t\t<div class=\"elementor-column elementor-col-100 elementor-top-column elementor-element elementor-element-3343326\" data-id=\"3343326\" data-element_type=\"column\" data-e-type=\"column\">\n\t\t\t<div class=\"elementor-widget-wrap elementor-element-populated\">\n\t\t\t\t\t\t<div class=\"elementor-element elementor-element-ee18468 elementor-widget elementor-widget-video\" data-id=\"ee18468\" data-element_type=\"widget\" data-e-type=\"widget\" data-settings=\"{&quot;youtube_url&quot;:&quot;https:\\\/\\\/youtu.be\\\/KHXZki4Chck&quot;,&quot;video_type&quot;:&quot;youtube&quot;,&quot;controls&quot;:&quot;yes&quot;}\" data-widget_type=\"video.default\">\n\t\t\t\t<div class=\"elementor-widget-container\">\n\t\t\t\t\t\t\t<div class=\"elementor-wrapper elementor-open-inline\">\n\t\t\t<div class=\"elementor-video\"><\/div>\t\t<\/div>\n\t\t\t\t\t\t<\/div>\n\t\t\t\t<\/div>\n\t\t\t\t\t<\/div>\n\t\t<\/div>\n\t\t\t\t\t<\/div>\n\t\t<\/section>\n\t\t\t\t<section class=\"elementor-section elementor-top-section elementor-element elementor-element-45bfa0b elementor-section-boxed elementor-section-height-default elementor-section-height-default\" data-id=\"45bfa0b\" data-element_type=\"section\" data-e-type=\"section\">\n\t\t\t\t\t\t<div class=\"elementor-container elementor-column-gap-default\">\n\t\t\t\t\t<div class=\"elementor-column elementor-col-100 elementor-top-column elementor-element elementor-element-be50e7d\" data-id=\"be50e7d\" data-element_type=\"column\" data-e-type=\"column\">\n\t\t\t<div class=\"elementor-widget-wrap elementor-element-populated\">\n\t\t\t\t\t\t<div class=\"elementor-element elementor-element-2d62fba elementor-widget elementor-widget-text-editor\" data-id=\"2d62fba\" data-element_type=\"widget\" data-e-type=\"widget\" data-widget_type=\"text-editor.default\">\n\t\t\t\t<div class=\"elementor-widget-container\">\n\t\t\t\t\t\t\t\t\t<p>\u00a0<\/p><p><strong>Nota 1<\/strong>: O v\u00eddeo acima \u00e9 o primeiro, relativo ao m\u00eas de outubro que contem muitas flores que ainda n\u00e3o consegui identificar com certeza. Ficar\u00edamos muito grato com a colabora\u00e7\u00e3o dos leitores para sua identifica\u00e7\u00e3o (nome vulgar e cient\u00edfico).\u00a0 \u00a0Provisoriamente, ele re\u00fane flores no cerrado (a maioria) e no Parque do Flamengo, Futuramente eles estar\u00e3o separados por \u00e1rvores no bioma, n\u00e3o obrigatoriamente origin\u00e1rios dele.<\/p><p><strong>Nota 2<\/strong>: Os apicultores das diversas regi\u00f5es do Brasil tem seu calend\u00e1rio floral usado na apicultura. Estes calend\u00e1rios podem ser muito \u00fateis para nossa iniciativa, embora eles se concentrem, como \u00e9 natural. no interesse quantitativo para a produ\u00e7\u00e3o do mel.<br \/>Existe tamb\u00e9m um calend\u00e1rio ap\u00edcola que resume o manejo que o apicultor faz em suas colmeias. Um v\u00eddeo do professor e zootecnista Pedro Santos, doutor em produ\u00e7\u00e3o animal (apicultura) acaba chamando a aten\u00e7\u00e3o para um assunto que tem tudo a ver com a preocupa\u00e7\u00e3o que levantamos. Em resumo, ele contesta o valor do calend\u00e1rio ap\u00edcola pr\u00e9-fabricado que leva em conta o paradigma europeu, baseado nas esta\u00e7\u00f5es do ano nitidamente marcadas e na monocultura regional. Ele d\u00e1 exemplo de uma sub-regi\u00e3o, perto de Maring\u00e1 e produtora de laranja, onde o apicultor, seguindo o manual, estaria dando suplementa\u00e7\u00e3o alimentar para sua colmeia quando suas abelhas estariam em plena fase de produ\u00e7\u00e3o.<\/p><p>Vale a pena assistir seu v\u00eddeo colocado abaixo.<\/p><p><iframe title=\"Calend\u00e1rio AP\u00cdCOLA 2021, 2022, 2023....\" width=\"720\" height=\"405\" src=\"https:\/\/www.youtube.com\/embed\/qaMhxawB70k?feature=oembed\" frameborder=\"0\" allow=\"accelerometer; autoplay; clipboard-write; encrypted-media; gyroscope; picture-in-picture\" allowfullscreen><\/iframe><\/p>\t\t\t\t\t\t\t\t<\/div>\n\t\t\t\t<\/div>\n\t\t\t\t\t<\/div>\n\t\t<\/div>\n\t\t\t\t\t<\/div>\n\t\t<\/section>\n\t\t\t\t<\/div>\n\t\t","protected":false},"excerpt":{"rendered":"<p>Este &#8220;saite&#8221; tem dois objetivos\u00a0 O primeiro \u00e9 estimular que olhemos com mais aten\u00e7\u00e3o para nossa exuberante natureza, em especial para nossas flores. Essa natureza costuma nos passar muitas vezes despercebida, em parte porque os leigos, como eu, a conhecem<\/p>\n","protected":false},"author":1,"featured_media":0,"parent":0,"menu_order":0,"comment_status":"closed","ping_status":"closed","template":"","meta":{"footnotes":""},"class_list":["post-4199","page","type-page","status-publish","hentry"],"_links":{"self":[{"href":"https:\/\/floresdoaterrodoflamengo.com.br\/index.php?rest_route=\/wp\/v2\/pages\/4199","targetHints":{"allow":["GET"]}}],"collection":[{"href":"https:\/\/floresdoaterrodoflamengo.com.br\/index.php?rest_route=\/wp\/v2\/pages"}],"about":[{"href":"https:\/\/floresdoaterrodoflamengo.com.br\/index.php?rest_route=\/wp\/v2\/types\/page"}],"author":[{"embeddable":true,"href":"https:\/\/floresdoaterrodoflamengo.com.br\/index.php?rest_route=\/wp\/v2\/users\/1"}],"replies":[{"embeddable":true,"href":"https:\/\/floresdoaterrodoflamengo.com.br\/index.php?rest_route=%2Fwp%2Fv2%2Fcomments&post=4199"}],"version-history":[{"count":62,"href":"https:\/\/floresdoaterrodoflamengo.com.br\/index.php?rest_route=\/wp\/v2\/pages\/4199\/revisions"}],"predecessor-version":[{"id":5376,"href":"https:\/\/floresdoaterrodoflamengo.com.br\/index.php?rest_route=\/wp\/v2\/pages\/4199\/revisions\/5376"}],"wp:attachment":[{"href":"https:\/\/floresdoaterrodoflamengo.com.br\/index.php?rest_route=%2Fwp%2Fv2%2Fmedia&parent=4199"}],"curies":[{"name":"wp","href":"https:\/\/api.w.org\/{rel}","templated":true}]}}