{"id":23053,"date":"2022-01-03T16:59:38","date_gmt":"2022-01-03T19:59:38","guid":{"rendered":"http:\/\/floresdoaterrodoflamengo.com.br\/?page_id=23053"},"modified":"2022-04-14T17:41:11","modified_gmt":"2022-04-14T20:41:11","slug":"flores-no-aterro-em-novembro","status":"publish","type":"page","link":"https:\/\/floresdoaterrodoflamengo.com.br\/?page_id=23053","title":{"rendered":"Flores no Aterro em novembro"},"content":{"rendered":"\t\t<div data-elementor-type=\"wp-page\" data-elementor-id=\"23053\" class=\"elementor elementor-23053\">\n\t\t\t\t\t\t<section class=\"elementor-section elementor-top-section elementor-element elementor-element-e4e283a elementor-section-boxed elementor-section-height-default elementor-section-height-default\" data-id=\"e4e283a\" data-element_type=\"section\" data-e-type=\"section\">\n\t\t\t\t\t\t<div class=\"elementor-container elementor-column-gap-default\">\n\t\t\t\t\t<div class=\"elementor-column elementor-col-100 elementor-top-column elementor-element elementor-element-9b2b7a3\" data-id=\"9b2b7a3\" data-element_type=\"column\" data-e-type=\"column\">\n\t\t\t<div class=\"elementor-widget-wrap elementor-element-populated\">\n\t\t\t\t\t\t<div class=\"elementor-element elementor-element-ad4ceeb elementor-widget elementor-widget-text-editor\" data-id=\"ad4ceeb\" data-element_type=\"widget\" data-e-type=\"widget\" data-widget_type=\"text-editor.default\">\n\t\t\t\t<div class=\"elementor-widget-container\">\n\t\t\t\t\t\t\t\t\t<p>Filminho sobre flores (nem sempre no sentido literal) no Aterro do Flamengo, Rio de Janeiro, Brasil. O projeto paisag\u00edstico \u00e9 de Roberto Burle Marx, no Aterro convivem esp\u00e9cies de diferentes origens, aclimatadas ao Rio de Janeiro.<\/p>\t\t\t\t\t\t\t\t<\/div>\n\t\t\t\t<\/div>\n\t\t\t\t\t<\/div>\n\t\t<\/div>\n\t\t\t\t\t<\/div>\n\t\t<\/section>\n\t\t\t\t<section class=\"elementor-section elementor-top-section elementor-element elementor-element-bb333af elementor-section-boxed elementor-section-height-default elementor-section-height-default\" data-id=\"bb333af\" data-element_type=\"section\" data-e-type=\"section\">\n\t\t\t\t\t\t<div class=\"elementor-container elementor-column-gap-default\">\n\t\t\t\t\t<div class=\"elementor-column elementor-col-100 elementor-top-column elementor-element elementor-element-80811c9\" data-id=\"80811c9\" data-element_type=\"column\" data-e-type=\"column\">\n\t\t\t<div class=\"elementor-widget-wrap elementor-element-populated\">\n\t\t\t\t\t\t<div class=\"elementor-element elementor-element-3c6f992 elementor-widget elementor-widget-video\" data-id=\"3c6f992\" data-element_type=\"widget\" data-e-type=\"widget\" data-settings=\"{&quot;youtube_url&quot;:&quot;https:\\\/\\\/youtu.be\\\/H5x3_J3tzWE&quot;,&quot;video_type&quot;:&quot;youtube&quot;,&quot;controls&quot;:&quot;yes&quot;}\" data-widget_type=\"video.default\">\n\t\t\t\t<div class=\"elementor-widget-container\">\n\t\t\t\t\t\t\t<div class=\"elementor-wrapper elementor-open-inline\">\n\t\t\t<div class=\"elementor-video\"><\/div>\t\t<\/div>\n\t\t\t\t\t\t<\/div>\n\t\t\t\t<\/div>\n\t\t\t\t\t<\/div>\n\t\t<\/div>\n\t\t\t\t\t<\/div>\n\t\t<\/section>\n\t\t\t\t<\/div>\n\t\t","protected":false},"excerpt":{"rendered":"<p>Filminho sobre flores (nem sempre no sentido literal) no Aterro do Flamengo, Rio de Janeiro, Brasil. O projeto paisag\u00edstico \u00e9 de Roberto Burle Marx, no Aterro convivem esp\u00e9cies de diferentes origens, aclimatadas ao Rio de Janeiro.<\/p>\n","protected":false},"author":1,"featured_media":0,"parent":2,"menu_order":1,"comment_status":"closed","ping_status":"closed","template":"","meta":{"footnotes":""},"class_list":["post-23053","page","type-page","status-publish","hentry"],"_links":{"self":[{"href":"https:\/\/floresdoaterrodoflamengo.com.br\/index.php?rest_route=\/wp\/v2\/pages\/23053","targetHints":{"allow":["GET"]}}],"collection":[{"href":"https:\/\/floresdoaterrodoflamengo.com.br\/index.php?rest_route=\/wp\/v2\/pages"}],"about":[{"href":"https:\/\/floresdoaterrodoflamengo.com.br\/index.php?rest_route=\/wp\/v2\/types\/page"}],"author":[{"embeddable":true,"href":"https:\/\/floresdoaterrodoflamengo.com.br\/index.php?rest_route=\/wp\/v2\/users\/1"}],"replies":[{"embeddable":true,"href":"https:\/\/floresdoaterrodoflamengo.com.br\/index.php?rest_route=%2Fwp%2Fv2%2Fcomments&post=23053"}],"version-history":[{"count":8,"href":"https:\/\/floresdoaterrodoflamengo.com.br\/index.php?rest_route=\/wp\/v2\/pages\/23053\/revisions"}],"predecessor-version":[{"id":23082,"href":"https:\/\/floresdoaterrodoflamengo.com.br\/index.php?rest_route=\/wp\/v2\/pages\/23053\/revisions\/23082"}],"up":[{"embeddable":true,"href":"https:\/\/floresdoaterrodoflamengo.com.br\/index.php?rest_route=\/wp\/v2\/pages\/2"}],"wp:attachment":[{"href":"https:\/\/floresdoaterrodoflamengo.com.br\/index.php?rest_route=%2Fwp%2Fv2%2Fmedia&parent=23053"}],"curies":[{"name":"wp","href":"https:\/\/api.w.org\/{rel}","templated":true}]}}