{"id":22118,"date":"2022-01-01T19:45:57","date_gmt":"2022-01-01T22:45:57","guid":{"rendered":"http:\/\/floresdoaterrodoflamengo.com.br\/?page_id=22118"},"modified":"2022-01-03T15:26:24","modified_gmt":"2022-01-03T18:26:24","slug":"flores-de-setembro-em-brasilia-2","status":"publish","type":"page","link":"https:\/\/floresdoaterrodoflamengo.com.br\/?page_id=22118","title":{"rendered":"Flores de Setembro em Bras\u00edlia"},"content":{"rendered":"\t\t<div data-elementor-type=\"wp-page\" data-elementor-id=\"22118\" class=\"elementor elementor-22118\">\n\t\t\t\t\t\t<section class=\"elementor-section elementor-top-section elementor-element elementor-element-35b7fcd elementor-section-boxed elementor-section-height-default elementor-section-height-default\" data-id=\"35b7fcd\" data-element_type=\"section\" data-e-type=\"section\">\n\t\t\t\t\t\t<div class=\"elementor-container elementor-column-gap-default\">\n\t\t\t\t\t<div class=\"elementor-column elementor-col-100 elementor-top-column elementor-element elementor-element-0fa13ef\" data-id=\"0fa13ef\" data-element_type=\"column\" data-e-type=\"column\">\n\t\t\t<div class=\"elementor-widget-wrap elementor-element-populated\">\n\t\t\t\t\t\t<div class=\"elementor-element elementor-element-717ffaa elementor-drop-cap-yes elementor-drop-cap-view-default elementor-widget elementor-widget-text-editor\" data-id=\"717ffaa\" data-element_type=\"widget\" data-e-type=\"widget\" data-settings=\"{&quot;drop_cap&quot;:&quot;yes&quot;}\" data-widget_type=\"text-editor.default\">\n\t\t\t\t<div class=\"elementor-widget-container\">\n\t\t\t\t\t\t\t\t\t<p>Setembro no cerrado, exibe flores em Bras\u00edlia no fim de inverno muito seco e in\u00edcio da primavera.<\/p>\t\t\t\t\t\t\t\t<\/div>\n\t\t\t\t<\/div>\n\t\t\t\t\t<\/div>\n\t\t<\/div>\n\t\t\t\t\t<\/div>\n\t\t<\/section>\n\t\t\t\t<section class=\"elementor-section elementor-top-section elementor-element elementor-element-434df3e elementor-section-boxed elementor-section-height-default elementor-section-height-default\" data-id=\"434df3e\" data-element_type=\"section\" data-e-type=\"section\">\n\t\t\t\t\t\t<div class=\"elementor-container elementor-column-gap-default\">\n\t\t\t\t\t<div class=\"elementor-column elementor-col-100 elementor-top-column elementor-element elementor-element-320721d\" data-id=\"320721d\" data-element_type=\"column\" data-e-type=\"column\">\n\t\t\t<div class=\"elementor-widget-wrap elementor-element-populated\">\n\t\t\t\t\t\t<div class=\"elementor-element elementor-element-0715ed5 elementor-widget elementor-widget-video\" data-id=\"0715ed5\" data-element_type=\"widget\" data-e-type=\"widget\" data-settings=\"{&quot;youtube_url&quot;:&quot;https:\\\/\\\/youtu.be\\\/AkZmO4777Fg&quot;,&quot;video_type&quot;:&quot;youtube&quot;,&quot;controls&quot;:&quot;yes&quot;}\" data-widget_type=\"video.default\">\n\t\t\t\t<div class=\"elementor-widget-container\">\n\t\t\t\t\t\t\t<div class=\"elementor-wrapper elementor-open-inline\">\n\t\t\t<div class=\"elementor-video\"><\/div>\t\t<\/div>\n\t\t\t\t\t\t<\/div>\n\t\t\t\t<\/div>\n\t\t\t\t\t<\/div>\n\t\t<\/div>\n\t\t\t\t\t<\/div>\n\t\t<\/section>\n\t\t\t\t<section class=\"elementor-section elementor-top-section elementor-element elementor-element-e9d19dd elementor-section-boxed elementor-section-height-default elementor-section-height-default\" data-id=\"e9d19dd\" data-element_type=\"section\" data-e-type=\"section\">\n\t\t\t\t\t\t<div class=\"elementor-container elementor-column-gap-default\">\n\t\t\t\t\t<div class=\"elementor-column elementor-col-100 elementor-top-column elementor-element elementor-element-cbc2521\" data-id=\"cbc2521\" data-element_type=\"column\" data-e-type=\"column\">\n\t\t\t<div class=\"elementor-widget-wrap elementor-element-populated\">\n\t\t\t\t\t\t<div class=\"elementor-element elementor-element-65cd9d2 elementor-widget elementor-widget-text-editor\" data-id=\"65cd9d2\" data-element_type=\"widget\" data-e-type=\"widget\" data-widget_type=\"text-editor.default\">\n\t\t\t\t<div class=\"elementor-widget-container\">\n\t\t\t\t\t\t\t\t\t<p>Ap\u00f3s agosto onde a umidade relativa \u00e9 a mais baixa, Setembro \u00e9 o segundo m\u00eas mais seco em Bras\u00edlia, ou seja, de menor umidade relativa do ar. como mostrado na Figura 1.<\/p><p>\u00a0<\/p><figure id=\"attachment_22746\" aria-describedby=\"caption-attachment-22746\" style=\"width: 1653px\" class=\"wp-caption alignnone\"><img fetchpriority=\"high\" decoding=\"async\" class=\"size-full wp-image-22746\" src=\"http:\/\/floresdoaterrodoflamengo.com.br\/wp-content\/uploads\/2022\/01\/seca_set.png\" alt=\"Gr\u00e1fico umidade BSB destacando setembro\" width=\"1653\" height=\"1140\" srcset=\"https:\/\/floresdoaterrodoflamengo.com.br\/wp-content\/uploads\/2022\/01\/seca_set.png 1653w, https:\/\/floresdoaterrodoflamengo.com.br\/wp-content\/uploads\/2022\/01\/seca_set-300x207.png 300w, https:\/\/floresdoaterrodoflamengo.com.br\/wp-content\/uploads\/2022\/01\/seca_set-1024x706.png 1024w, https:\/\/floresdoaterrodoflamengo.com.br\/wp-content\/uploads\/2022\/01\/seca_set-768x530.png 768w, https:\/\/floresdoaterrodoflamengo.com.br\/wp-content\/uploads\/2022\/01\/seca_set-1536x1059.png 1536w\" sizes=\"(max-width: 1653px) 100vw, 1653px\" \/><figcaption id=\"caption-attachment-22746\" class=\"wp-caption-text\">Umidade e dias de Chuva em BSB, destacando setembro<\/figcaption><\/figure><p>Em temos de dias (em m\u00e9dia) com chuva maior que 1 mm no m\u00eas, os meses mais secos s\u00e3o junho e julho, como tamb\u00e9m pode ser visto na Figura 1. Este volume limite \u00e9 bastante baixo e, para a maioria da popula\u00e7\u00e3o residente, quase n\u00e3o existe a percep\u00e7\u00e3o de chuva no n\u00edvel de 1mm.<\/p><p>Em agosto, a probabilidade de chuvas maiores que 1 mm \u00e9 de apenas 2 dias e, em setembro, ela chega a 5 dias. Por\u00e9m s\u00e3o chuvas espor\u00e1dicas e o m\u00eas de setembro ainda \u00e9 de seca. A paisagem confirma esta sensa\u00e7\u00e3o no pano de fundo de nossas fotos, mesmo quando nosso objetivo \u00e9 ressaltar as flores e \u00e1rvores que a desafiam.<\/p>\t\t\t\t\t\t\t\t<\/div>\n\t\t\t\t<\/div>\n\t\t\t\t\t<\/div>\n\t\t<\/div>\n\t\t\t\t\t<\/div>\n\t\t<\/section>\n\t\t\t\t<section class=\"elementor-section elementor-top-section elementor-element elementor-element-54456c8 elementor-section-boxed elementor-section-height-default elementor-section-height-default\" data-id=\"54456c8\" data-element_type=\"section\" data-e-type=\"section\">\n\t\t\t\t\t\t<div class=\"elementor-container elementor-column-gap-default\">\n\t\t\t\t\t<div class=\"elementor-column elementor-col-100 elementor-top-column elementor-element elementor-element-cc8d2c4\" data-id=\"cc8d2c4\" data-element_type=\"column\" data-e-type=\"column\">\n\t\t\t<div class=\"elementor-widget-wrap elementor-element-populated\">\n\t\t\t\t\t\t<div class=\"elementor-element elementor-element-98226c2 elementor-arrows-position-inside elementor-pagination-position-outside elementor-widget elementor-widget-image-carousel\" data-id=\"98226c2\" data-element_type=\"widget\" data-e-type=\"widget\" data-settings=\"{&quot;slides_to_show&quot;:&quot;1&quot;,&quot;navigation&quot;:&quot;both&quot;,&quot;autoplay&quot;:&quot;yes&quot;,&quot;pause_on_hover&quot;:&quot;yes&quot;,&quot;pause_on_interaction&quot;:&quot;yes&quot;,&quot;autoplay_speed&quot;:5000,&quot;infinite&quot;:&quot;yes&quot;,&quot;effect&quot;:&quot;slide&quot;,&quot;speed&quot;:500}\" data-widget_type=\"image-carousel.default\">\n\t\t\t\t<div class=\"elementor-widget-container\">\n\t\t\t\t\t\t\t<div class=\"elementor-image-carousel-wrapper swiper\" role=\"region\" aria-roledescription=\"carousel\" aria-label=\"Carrossel de imagens\" dir=\"ltr\">\n\t\t\t<div class=\"elementor-image-carousel swiper-wrapper\" aria-live=\"off\">\n\t\t\t\t\t\t\t\t<div class=\"swiper-slide\" role=\"group\" aria-roledescription=\"slide\" aria-label=\"1 de 3\"><figure class=\"swiper-slide-inner\"><img decoding=\"async\" class=\"swiper-slide-image\" src=\"https:\/\/floresdoaterrodoflamengo.com.br\/wp-content\/uploads\/2022\/01\/IMG_2261-768x576.jpg\" alt=\"Flores no cen\u00e1rio de seca 1\" \/><figcaption class=\"elementor-image-carousel-caption\">Flores no cen\u00e1rio de seca do in\u00edcio da primavera em Bras\u00edlia 1<\/figcaption><\/figure><\/div><div class=\"swiper-slide\" role=\"group\" aria-roledescription=\"slide\" aria-label=\"2 de 3\"><figure class=\"swiper-slide-inner\"><img decoding=\"async\" class=\"swiper-slide-image\" src=\"https:\/\/floresdoaterrodoflamengo.com.br\/wp-content\/uploads\/2022\/01\/IMG_2180-768x576.jpg\" alt=\"foto de flor 2 para mostrar fundo cerrado no in\u00edcio da primavera\" \/><figcaption class=\"elementor-image-carousel-caption\">Flor no cerrado no in\u00edcio da primavera de 2021<\/figcaption><\/figure><\/div><div class=\"swiper-slide\" role=\"group\" aria-roledescription=\"slide\" aria-label=\"3 de 3\"><figure class=\"swiper-slide-inner\"><img decoding=\"async\" class=\"swiper-slide-image\" src=\"https:\/\/floresdoaterrodoflamengo.com.br\/wp-content\/uploads\/2022\/01\/IMG_2212-1-768x576.jpg\" alt=\"\u00c1rvore com folhas no cen\u00e1rio de seca do in\u00edcio da primavera em Bras\u00edlia\" \/><figcaption class=\"elementor-image-carousel-caption\">\u00c1rvore com folhas no cen\u00e1rio de seca do in\u00edcio da primavera em Bras\u00edlia<\/figcaption><\/figure><\/div>\t\t\t<\/div>\n\t\t\t\t\t\t\t\t\t\t\t\t<div class=\"elementor-swiper-button elementor-swiper-button-prev\" role=\"button\" tabindex=\"0\">\n\t\t\t\t\t\t<i aria-hidden=\"true\" class=\"eicon-chevron-left\"><\/i>\t\t\t\t\t<\/div>\n\t\t\t\t\t<div class=\"elementor-swiper-button elementor-swiper-button-next\" role=\"button\" tabindex=\"0\">\n\t\t\t\t\t\t<i aria-hidden=\"true\" class=\"eicon-chevron-right\"><\/i>\t\t\t\t\t<\/div>\n\t\t\t\t\n\t\t\t\t\t\t\t\t\t<div class=\"swiper-pagination\"><\/div>\n\t\t\t\t\t\t\t\t\t<\/div>\n\t\t\t\t\t\t<\/div>\n\t\t\t\t<\/div>\n\t\t\t\t\t<\/div>\n\t\t<\/div>\n\t\t\t\t\t<\/div>\n\t\t<\/section>\n\t\t\t\t<section class=\"elementor-section elementor-top-section elementor-element elementor-element-0b1df59 elementor-section-boxed elementor-section-height-default elementor-section-height-default\" data-id=\"0b1df59\" data-element_type=\"section\" data-e-type=\"section\">\n\t\t\t\t\t\t<div class=\"elementor-container elementor-column-gap-default\">\n\t\t\t\t\t<div class=\"elementor-column elementor-col-100 elementor-top-column elementor-element elementor-element-da1c391\" data-id=\"da1c391\" data-element_type=\"column\" data-e-type=\"column\">\n\t\t\t<div class=\"elementor-widget-wrap elementor-element-populated\">\n\t\t\t\t\t\t<div class=\"elementor-element elementor-element-04e3ea7 elementor-widget elementor-widget-text-editor\" data-id=\"04e3ea7\" data-element_type=\"widget\" data-e-type=\"widget\" data-widget_type=\"text-editor.default\">\n\t\t\t\t<div class=\"elementor-widget-container\">\n\t\t\t\t\t\t\t\t\t<figure id=\"attachment_22765\" aria-describedby=\"caption-attachment-22765\" style=\"width: 1953px\" class=\"wp-caption aligncenter\"><img decoding=\"async\" class=\"size-full wp-image-22765\" src=\"http:\/\/floresdoaterrodoflamengo.com.br\/wp-content\/uploads\/2022\/01\/temp_med_set.png\" alt=\"Temperaturas m\u00e9dias em Bras\u00edlia\" width=\"1953\" height=\"1337\" srcset=\"https:\/\/floresdoaterrodoflamengo.com.br\/wp-content\/uploads\/2022\/01\/temp_med_set.png 1953w, https:\/\/floresdoaterrodoflamengo.com.br\/wp-content\/uploads\/2022\/01\/temp_med_set-300x205.png 300w, https:\/\/floresdoaterrodoflamengo.com.br\/wp-content\/uploads\/2022\/01\/temp_med_set-1024x701.png 1024w, https:\/\/floresdoaterrodoflamengo.com.br\/wp-content\/uploads\/2022\/01\/temp_med_set-768x526.png 768w, https:\/\/floresdoaterrodoflamengo.com.br\/wp-content\/uploads\/2022\/01\/temp_med_set-1536x1052.png 1536w\" sizes=\"(max-width: 1953px) 100vw, 1953px\" \/><figcaption id=\"caption-attachment-22765\" class=\"wp-caption-text\">Temperaturas m\u00e9dias em Bras\u00edlia em Setembro, trata-se da m\u00e9dia para o m\u00eas das temperaturas m\u00e1xima, m\u00e9dia e m\u00ednima di\u00e1rias.<\/figcaption><\/figure><p>Setembro \u00e9, em m\u00e9dia mensal, o segundo m\u00eas mais quente e o primeiro em m\u00e9dia das m\u00e1ximas. Do ponto de vista de secura do ar, setembro tem a segunda umidade relativa mais baixa, sendo ainda muito seco em Bras\u00edlia. Disputa com agosto o t\u00edtulo de m\u00eas de clima menos agrad\u00e1vel na cidade.<\/p>\t\t\t\t\t\t\t\t<\/div>\n\t\t\t\t<\/div>\n\t\t\t\t\t<\/div>\n\t\t<\/div>\n\t\t\t\t\t<\/div>\n\t\t<\/section>\n\t\t\t\t<\/div>\n\t\t","protected":false},"excerpt":{"rendered":"<p>Setembro no cerrado, exibe flores em Bras\u00edlia no fim de inverno muito seco e in\u00edcio da primavera. https:\/\/youtu.be\/AkZmO4777Fg Ap\u00f3s agosto onde a umidade relativa \u00e9 a mais baixa, Setembro \u00e9 o segundo m\u00eas mais seco em Bras\u00edlia, ou seja, de<\/p>\n","protected":false},"author":1,"featured_media":0,"parent":231,"menu_order":1,"comment_status":"closed","ping_status":"closed","template":"","meta":{"footnotes":""},"class_list":["post-22118","page","type-page","status-publish","hentry"],"_links":{"self":[{"href":"https:\/\/floresdoaterrodoflamengo.com.br\/index.php?rest_route=\/wp\/v2\/pages\/22118","targetHints":{"allow":["GET"]}}],"collection":[{"href":"https:\/\/floresdoaterrodoflamengo.com.br\/index.php?rest_route=\/wp\/v2\/pages"}],"about":[{"href":"https:\/\/floresdoaterrodoflamengo.com.br\/index.php?rest_route=\/wp\/v2\/types\/page"}],"author":[{"embeddable":true,"href":"https:\/\/floresdoaterrodoflamengo.com.br\/index.php?rest_route=\/wp\/v2\/users\/1"}],"replies":[{"embeddable":true,"href":"https:\/\/floresdoaterrodoflamengo.com.br\/index.php?rest_route=%2Fwp%2Fv2%2Fcomments&post=22118"}],"version-history":[{"count":33,"href":"https:\/\/floresdoaterrodoflamengo.com.br\/index.php?rest_route=\/wp\/v2\/pages\/22118\/revisions"}],"predecessor-version":[{"id":22929,"href":"https:\/\/floresdoaterrodoflamengo.com.br\/index.php?rest_route=\/wp\/v2\/pages\/22118\/revisions\/22929"}],"up":[{"embeddable":true,"href":"https:\/\/floresdoaterrodoflamengo.com.br\/index.php?rest_route=\/wp\/v2\/pages\/231"}],"wp:attachment":[{"href":"https:\/\/floresdoaterrodoflamengo.com.br\/index.php?rest_route=%2Fwp%2Fv2%2Fmedia&parent=22118"}],"curies":[{"name":"wp","href":"https:\/\/api.w.org\/{rel}","templated":true}]}}